{"id":107,"date":"2017-12-29T15:13:21","date_gmt":"2017-12-29T15:13:21","guid":{"rendered":"http:\/\/www.jeanmarcpelletier.net\/blog\/?page_id=107"},"modified":"2017-12-29T13:32:09","modified_gmt":"2017-12-29T18:32:09","slug":"a-propos-de","status":"publish","type":"page","link":"http:\/\/www.jeanmarcpelletier.net\/blog\/a-propos-de\/","title":{"rendered":"A propos de"},"content":{"rendered":"<p style=\"text-align: center;\"><img loading=\"lazy\" decoding=\"async\" class=\"alignnone size-full wp-image-113 alignleft\" src=\"http:\/\/www.jeanmarcpelletier.net\/blog\/wp-content\/uploads\/2017\/12\/JM-Pelletier-e1514561323889.jpg\" alt=\"\" width=\"200\" height=\"301\" \/>A partir d&rsquo;une formation en ing\u00e9nierie \u00e0 l&rsquo;\u00c9cole polytechnique de Montr\u00e9al, j&rsquo;ai entam\u00e9 une carri\u00e8re \u00e0 Hydro-Qu\u00e9bec dans les divisions \u00ab\u00a0op\u00e9rationnelles\u00a0\u00bb de l&rsquo;entreprise, notamment la certification des compteurs \u00e9lectriques et les essais\/mises en route d&rsquo;\u00e9quipements pour la production, le transport et la distribution d&rsquo;\u00e9lectricit\u00e9.\u00a0 J&rsquo;ai eu l&rsquo;insigne honneur de c\u00f4toyer les plus grands ing\u00e9nieurs d&rsquo;Hydro-Qu\u00e9bec, notamment les ing\u00e9nieurs \u00e0 l&rsquo;origine du r\u00e9seau 735 kV de transport d&rsquo;\u00e9lectricit\u00e9, une premi\u00e8re mondiale. Puis, par la suite, j&rsquo;ai poursuivi ma carri\u00e8re \u00e0 l&rsquo;IREQ (Institut de recherche d&rsquo;Hydro-Qu\u00e9bec) laquelle fut tout \u00e0 fait passionnante.<\/p>\n<p style=\"text-align: center;\">Ainsi, dans un premier temps, j&rsquo;ai int\u00e9gr\u00e9 le groupe de recherche en fusion nucl\u00e9aire Tokamak de Varennes puis, par la suite, r\u00e9orient\u00e9 mes domaines d&rsquo;activit\u00e9 vers l&rsquo;\u00e9lectronique et l&rsquo;informatique avec la mise au point de syst\u00e8mes \u00ab\u00a0intelligents\u00a0\u00bb pour la gestion de l&rsquo;\u00e9nergie. Le dernier volet de ma carri\u00e8re fut le d\u00e9marrage d&rsquo;un groupe de recherche en intelligence artificielle (exploitant notamment les syst\u00e8mes experts) dans un domaine \u00ab\u00a0nouveau\u00a0\u00bb qui devait conna\u00eetre une effervescence&#8230; 30 ann\u00e9es plus tard!<\/p>\n<p>Cela \u00e9tant, de fa\u00e7on concomittante \u00e0 mes fonctions d&rsquo;ing\u00e9nieur et de scientifique, les d\u00e9bats sur l&rsquo;\u00e9nergie \u00e9tant \u00e0 l&rsquo;avant-plan des discussions, je m&rsquo;y suis investi en participant aux forum et aux d\u00e9bats parlementaires pour cerner les enjeux d&rsquo;un d\u00e9veloppement porteur de croissance \u00e9conomique et technologique pour le Qu\u00e9bec. Cette participation aux enjeux publics ont fait en sorte que, par la suite et sur invitation, j&rsquo;ai oeuvr\u00e9 dans la sph\u00e8re politique notamment en assumant un mandat \u00e0 la mairie de la Ville de Brossard. Pour en savoir davantage sur mes fonctions \u00e0 la mairie, cliquer sur ce lien <a href=\"http:\/\/www.jeanmarcpelletier.net\" target=\"_blank\" rel=\"noopener\">http:\/\/www.jeanmarcpelletier.net<\/a><\/p>\n<p style=\"text-align: center;\">Depuis la fin de mes fonctions politiques et publiques, j&rsquo;ai replong\u00e9 dans le domaine de l&rsquo;\u00e9nergie (gaz naturel, p\u00e9trole, gaz de schiste, gisements p\u00e9troliers \u00e0 grande profondeur,&#8230;) et dans le domaine de la finance (produits d\u00e9riv\u00e9s, fonds de couverture \u00ab\u00a0hedge funds\u00a0\u00bb, fonds souverains, commodit\u00e9s, march\u00e9s \u00e9mergents, dette, capitalisation des fonds de pension&#8230;) puisque, en d\u00e9finitive, c&rsquo;est la finance qui \u00ab\u00a0d\u00e9cide\u00a0\u00bb de tout. Par exemple, si, oui ou non, les producteurs de schiste auront acc\u00e8s \u00e0 du financement pour leurs projets. Il en est de m\u00eame pour le p\u00e9trole conventionnel et tout le secteur de l&rsquo;\u00e9nergie qui est tributaire de la finance qui \u00ab\u00a0dicte\u00a0\u00bb ses volont\u00e9s \u00e0 tous les secteurs de l&rsquo;\u00e9conomie.<\/p>\n<p style=\"text-align: center;\">Puis, par la suite, j&rsquo;ai int\u00e9gr\u00e9 le secteur de la g\u00e9opolitique dans la mesure o\u00f9 g\u00e9opolitique et finance sont les deux acteurs principaux non seulement du secteur de l&rsquo;\u00e9nergie mais de tous les secteurs dans l&rsquo;\u00e9conomie mondiale. Je voulais partager avec mes bons amis le fruit de mes r\u00e9flexions sur tous ces enjeux.<\/p>\n<p style=\"text-align: center;\">Bonne lecture!<\/p>\n","protected":false},"excerpt":{"rendered":"<p>A partir d&rsquo;une formation en ing\u00e9nierie \u00e0 l&rsquo;\u00c9cole polytechnique de Montr\u00e9al, j&rsquo;ai entam\u00e9 une carri\u00e8re \u00e0 Hydro-Qu\u00e9bec dans les divisions \u00ab\u00a0op\u00e9rationnelles\u00a0\u00bb de l&rsquo;entreprise, notamment la certification des compteurs \u00e9lectriques et les essais\/mises en route d&rsquo;\u00e9quipements pour la production, le transport et la distribution d&rsquo;\u00e9lectricit\u00e9.\u00a0 J&rsquo;ai eu l&rsquo;insigne honneur de c\u00f4toyer les plus grands ing\u00e9nieurs d&rsquo;Hydro-Qu\u00e9bec,&#8230;<\/p>\n","protected":false},"author":1,"featured_media":113,"parent":0,"menu_order":0,"comment_status":"closed","ping_status":"closed","template":"","meta":{"footnotes":""},"class_list":["post-107","page","type-page","status-publish","has-post-thumbnail","hentry"],"_links":{"self":[{"href":"http:\/\/www.jeanmarcpelletier.net\/blog\/wp-json\/wp\/v2\/pages\/107","targetHints":{"allow":["GET"]}}],"collection":[{"href":"http:\/\/www.jeanmarcpelletier.net\/blog\/wp-json\/wp\/v2\/pages"}],"about":[{"href":"http:\/\/www.jeanmarcpelletier.net\/blog\/wp-json\/wp\/v2\/types\/page"}],"author":[{"embeddable":true,"href":"http:\/\/www.jeanmarcpelletier.net\/blog\/wp-json\/wp\/v2\/users\/1"}],"replies":[{"embeddable":true,"href":"http:\/\/www.jeanmarcpelletier.net\/blog\/wp-json\/wp\/v2\/comments?post=107"}],"version-history":[{"count":15,"href":"http:\/\/www.jeanmarcpelletier.net\/blog\/wp-json\/wp\/v2\/pages\/107\/revisions"}],"predecessor-version":[{"id":123,"href":"http:\/\/www.jeanmarcpelletier.net\/blog\/wp-json\/wp\/v2\/pages\/107\/revisions\/123"}],"wp:featuredmedia":[{"embeddable":true,"href":"http:\/\/www.jeanmarcpelletier.net\/blog\/wp-json\/wp\/v2\/media\/113"}],"wp:attachment":[{"href":"http:\/\/www.jeanmarcpelletier.net\/blog\/wp-json\/wp\/v2\/media?parent=107"}],"curies":[{"name":"wp","href":"https:\/\/api.w.org\/{rel}","templated":true}]}}