{"id":7,"date":"2017-05-30T11:59:31","date_gmt":"2017-05-30T11:59:31","guid":{"rendered":"http:\/\/www.jeanmarcpelletier.net\/blog\/?page_id=7"},"modified":"2017-12-29T16:38:30","modified_gmt":"2017-12-29T21:38:30","slug":"accueil","status":"publish","type":"page","link":"http:\/\/www.jeanmarcpelletier.net\/blog\/","title":{"rendered":"Bienvenue sur le site de Jean-Marc Pelletier"},"content":{"rendered":"<p style=\"text-align: center;\"><img loading=\"lazy\" decoding=\"async\" class=\"alignnone size-full wp-image-69\" src=\"http:\/\/www.jeanmarcpelletier.net\/blog\/wp-content\/uploads\/2017\/05\/Montreal2-redimensionnee.jpg\" alt=\"\" width=\"2000\" height=\"996\" srcset=\"http:\/\/www.jeanmarcpelletier.net\/blog\/wp-content\/uploads\/2017\/05\/Montreal2-redimensionnee.jpg 2000w, http:\/\/www.jeanmarcpelletier.net\/blog\/wp-content\/uploads\/2017\/05\/Montreal2-redimensionnee-300x149.jpg 300w, http:\/\/www.jeanmarcpelletier.net\/blog\/wp-content\/uploads\/2017\/05\/Montreal2-redimensionnee-768x382.jpg 768w, http:\/\/www.jeanmarcpelletier.net\/blog\/wp-content\/uploads\/2017\/05\/Montreal2-redimensionnee-1024x510.jpg 1024w, http:\/\/www.jeanmarcpelletier.net\/blog\/wp-content\/uploads\/2017\/05\/Montreal2-redimensionnee-920x458.jpg 920w\" sizes=\"auto, (max-width: 2000px) 100vw, 2000px\" \/><\/p>\n<p>&nbsp;<\/p>\n<p style=\"text-align: center;\">Depuis la fin de mes fonctions politiques et publiques, j&rsquo;ai fait un retour dans le domaine de l&rsquo;\u00e9nergie (gaz naturel, p\u00e9trole, gaz de schiste, gisements p\u00e9troliers \u00e0 grande profondeur,&#8230;) et dans le domaine de la finance (produits d\u00e9riv\u00e9s, fonds de couverture \u00ab\u00a0hedge funds\u00a0\u00bb, fonds souverains, commodit\u00e9s, march\u00e9s \u00e9mergents, dette, capitalisation des fonds de pension&#8230;) puisque, en d\u00e9finitive, c&rsquo;est la finance qui \u00ab\u00a0d\u00e9cide\u00a0\u00bb de tout. Par exemple, si, oui ou non, les producteurs de schiste auront acc\u00e8s \u00e0 du financement pour leurs projets. Il en est de m\u00eame pour le p\u00e9trole conventionnel et tout le secteur de l&rsquo;\u00e9nergie qui est tributaire de la finance qui \u00ab\u00a0dicte\u00a0\u00bb ses volont\u00e9s \u00e0 tous les secteurs de l&rsquo;\u00e9conomie.<\/p>\n<p style=\"text-align: center;\">Puis, par la suite, j&rsquo;ai int\u00e9gr\u00e9 le secteur de la g\u00e9opolitique dans la mesure o\u00f9 g\u00e9opolitique et finance sont les deux acteurs principaux non seulement du secteur de l&rsquo;\u00e9nergie mais de tous les secteurs dans l&rsquo;\u00e9conomie mondiale. Je voulais partager avec mes bons amis le fruit de mes r\u00e9flexions sur tous ces enjeux.<\/p>\n<p style=\"text-align: center;\">Bonne lecture!<\/p>\n","protected":false},"excerpt":{"rendered":"<p>&nbsp; Depuis la fin de mes fonctions politiques et publiques, j&rsquo;ai fait un retour dans le domaine de l&rsquo;\u00e9nergie (gaz naturel, p\u00e9trole, gaz de schiste, gisements p\u00e9troliers \u00e0 grande profondeur,&#8230;) et dans le domaine de la finance (produits d\u00e9riv\u00e9s, fonds de couverture \u00ab\u00a0hedge funds\u00a0\u00bb, fonds souverains, commodit\u00e9s, march\u00e9s \u00e9mergents, dette, capitalisation des fonds de pension&#8230;)&#8230;<\/p>\n","protected":false},"author":1,"featured_media":69,"parent":0,"menu_order":0,"comment_status":"closed","ping_status":"closed","template":"","meta":{"footnotes":""},"class_list":["post-7","page","type-page","status-publish","has-post-thumbnail","hentry"],"_links":{"self":[{"href":"http:\/\/www.jeanmarcpelletier.net\/blog\/wp-json\/wp\/v2\/pages\/7","targetHints":{"allow":["GET"]}}],"collection":[{"href":"http:\/\/www.jeanmarcpelletier.net\/blog\/wp-json\/wp\/v2\/pages"}],"about":[{"href":"http:\/\/www.jeanmarcpelletier.net\/blog\/wp-json\/wp\/v2\/types\/page"}],"author":[{"embeddable":true,"href":"http:\/\/www.jeanmarcpelletier.net\/blog\/wp-json\/wp\/v2\/users\/1"}],"replies":[{"embeddable":true,"href":"http:\/\/www.jeanmarcpelletier.net\/blog\/wp-json\/wp\/v2\/comments?post=7"}],"version-history":[{"count":17,"href":"http:\/\/www.jeanmarcpelletier.net\/blog\/wp-json\/wp\/v2\/pages\/7\/revisions"}],"predecessor-version":[{"id":256,"href":"http:\/\/www.jeanmarcpelletier.net\/blog\/wp-json\/wp\/v2\/pages\/7\/revisions\/256"}],"wp:featuredmedia":[{"embeddable":true,"href":"http:\/\/www.jeanmarcpelletier.net\/blog\/wp-json\/wp\/v2\/media\/69"}],"wp:attachment":[{"href":"http:\/\/www.jeanmarcpelletier.net\/blog\/wp-json\/wp\/v2\/media?parent=7"}],"curies":[{"name":"wp","href":"https:\/\/api.w.org\/{rel}","templated":true}]}}